{"id":205,"date":"2024-05-22T17:28:30","date_gmt":"2024-05-22T15:28:30","guid":{"rendered":"https:\/\/fsoal.pl\/?page_id=205"},"modified":"2024-05-22T18:51:27","modified_gmt":"2024-05-22T16:51:27","slug":"wolnosc-dzialalnosci-gospodarczej","status":"publish","type":"page","link":"https:\/\/fsoal.pl\/?page_id=205","title":{"rendered":"Wolno\u015b\u0107 dzia\u0142alno\u015bci gospodarczej"},"content":{"rendered":"\n<ul class=\"wp-block-list\">\n<li>Czy i czym mo\u017cna handlowa\u0107 z Federacj\u0105 Rosyjsk\u0105 i Bia\u0142orusi\u0105?\n<ul class=\"wp-block-list\">\n<li><a href=\"https:\/\/www.consilium.europa.eu\/pl\/policies\/sanctions-against-russia\/\">Gdzie wyszczeg\u00f3lnione s\u0105 zakazy?<\/a><\/li>\n\n\n\n<li><a href=\"https:\/\/www.consilium.europa.eu\/pl\/policies\/sanctions-against-russia\/sanctions-against-russia-explained\/#trade\">Co mo\u017cna sprowadza\u0107?<\/a><\/li>\n\n\n\n<li><a href=\"https:\/\/www.consilium.europa.eu\/pl\/policies\/sanctions-against-russia\/sanctions-against-russia-explained\/#trade\">Co mo\u017cna wywozi\u0107?<\/a><\/li>\n<\/ul>\n<\/li>\n<\/ul>\n\n\n\n<ul class=\"wp-block-list\">\n<li>Czy polskie banki realizuj\u0105 przelewy na konta bankowe w Federacji Rosyjskiej i Bia\u0142orusi?\n<ul class=\"wp-block-list\">\n<li>Jakie karty bankowe s\u0105 obs\u0142ugiwane?\n<ul class=\"wp-block-list\">\n<li><strong>karty bankowe wydane w Polsce nie s\u0105 obs\u0142ugiwane, nie mo\u017cna p\u0142aci\u0107 za us\u0142ugi oraz wyp\u0142aca\u0107 pieni\u0119dzy z bankomat\u00f3w<\/strong><\/li>\n<\/ul>\n<\/li>\n\n\n\n<li>Czy mo\u017cna za\u0142o\u017cy\u0107 rachunek bankowy?\n<ul class=\"wp-block-list\">\n<li><strong>jest taka mo\u017cliwo\u015b\u0107, ale trzeba sprawdzi\u0107 jak\u0105 trzeba mie\u0107 wiz\u0119 w paszporcie (na jaki okres)<\/strong><\/li>\n<\/ul>\n<\/li>\n\n\n\n<li>Czy kart\u0105 bankowa MIR mo\u017cna p\u0142aci\u0107 w Polsce?\n<ul class=\"wp-block-list\">\n<li><strong>karta bankowa MIR nie jest obs\u0142ugiwana<\/strong><\/li>\n<\/ul>\n<\/li>\n<\/ul>\n<\/li>\n\n\n\n<li>Czy plac\u00f3wki konsularne FR i Bia\u0142orusi udzielaj\u0105 informacji w zakresie mo\u017cliwo\u015bci prowadzenia biznesu?\n<ul class=\"wp-block-list\">\n<li><strong>z uwagi na szcz\u0105tkow\u0105 obsad\u0119 w tych plac\u00f3wkach, nie mo\u017cna na to liczy\u0107<\/strong><\/li>\n<\/ul>\n<\/li>\n\n\n\n<li>Czy \u0142atwo jest za\u0142o\u017cy\u0107 firm\u0119 w FR i Bia\u0142orusi?\n<ul class=\"wp-block-list\">\n<li><strong>nie jest \u0142atwo, jest du\u017co formalno\u015bci, najlepiej korzysta\u0107 z miejscowej obs\u0142ugi prawnej. W miar\u0119 mo\u017cliwo\u015bci b\u0119dziemy podawa\u0107 namiary na sprawdzone takie podmioty<\/strong><\/li>\n<\/ul>\n<\/li>\n\n\n\n<li>Czy odprawa towar\u00f3w na granicy z FR i Bia\u0142orusi\u0105 odbywa si\u0119 normalnie, czy jest przed\u0142u\u017cana z b\u0142ahego powodu?\n<ul class=\"wp-block-list\">\n<li><strong>w praktyce biznesowa odprawa na tych granicach nie funkcjonuje, a odprawa celna prywatna (nie obj\u0119ta sankcjami) to droga przez m\u0119k\u0119<\/strong><\/li>\n<\/ul>\n<\/li>\n\n\n\n<li>Czy s\u0105 polscy przewo\u017anicy, kt\u00f3rzy je\u017cd\u017c\u0105 do FR i Bia\u0142orusi?\n<ul class=\"wp-block-list\">\n<li><strong>nie ma takich, transport jest obj\u0119ty sankcjami<\/strong><\/li>\n<\/ul>\n<\/li>\n\n\n\n<li>Jak najlepiej, znaczy najtaniej i najszybciej podr\u00f3\u017cowa\u0107 do FR i Bia\u0142orusi?\n<ul class=\"wp-block-list\">\n<li>1. opcja Warszawa-Stambu\u0142-Moskwa\/St. Petersburg\/Mi\u0144sk &#8211; opcja w miar\u0119 szybka, ale droga<\/li>\n\n\n\n<li>2. opcja PKS Gda\u0144sk\/<a href=\"https:\/\/www.checkmybus.pl\/\">Warszawa &#8211; Kaliningrad<\/a> (z Warszawy koszt ok. 255 z\u0142 3 razy w tygodniu 1,3,5-10 godzin), a nast\u0119pnie samolotem do Moskwy\/St\/ Petersburga\/ Mi\u0144ska<\/li>\n\n\n\n<li>3. opcja samochodem, ale wy\u0142\u0105cznie prywatnym przez Estoni\u0119\/Narva do St. Petersburga, przez \u0141otw\u0119 do Moskwy, przez Terespol na Bia\u0142oru\u015b<\/li>\n\n\n\n<li>4 opcja autobusem <a href=\"https:\/\/www.checkmybus.pl\/\">Warszawa &#8211; Brze\u015b\u0107\/Mi\u0144sk<\/a>, trzeba liczy\u0107 si\u0119 z wielogodzinnym staniem na granicy RP\/Bia\u0142oru\u015b<\/li>\n<\/ul>\n<\/li>\n<\/ul>\n","protected":false},"excerpt":{"rendered":"","protected":false},"author":1,"featured_media":0,"parent":66,"menu_order":9,"comment_status":"closed","ping_status":"closed","template":"","meta":{"footnotes":""},"class_list":["post-205","page","type-page","status-publish","hentry"],"_links":{"self":[{"href":"https:\/\/fsoal.pl\/index.php?rest_route=\/wp\/v2\/pages\/205","targetHints":{"allow":["GET"]}}],"collection":[{"href":"https:\/\/fsoal.pl\/index.php?rest_route=\/wp\/v2\/pages"}],"about":[{"href":"https:\/\/fsoal.pl\/index.php?rest_route=\/wp\/v2\/types\/page"}],"author":[{"embeddable":true,"href":"https:\/\/fsoal.pl\/index.php?rest_route=\/wp\/v2\/users\/1"}],"replies":[{"embeddable":true,"href":"https:\/\/fsoal.pl\/index.php?rest_route=%2Fwp%2Fv2%2Fcomments&post=205"}],"version-history":[{"count":8,"href":"https:\/\/fsoal.pl\/index.php?rest_route=\/wp\/v2\/pages\/205\/revisions"}],"predecessor-version":[{"id":221,"href":"https:\/\/fsoal.pl\/index.php?rest_route=\/wp\/v2\/pages\/205\/revisions\/221"}],"up":[{"embeddable":true,"href":"https:\/\/fsoal.pl\/index.php?rest_route=\/wp\/v2\/pages\/66"}],"wp:attachment":[{"href":"https:\/\/fsoal.pl\/index.php?rest_route=%2Fwp%2Fv2%2Fmedia&parent=205"}],"curies":[{"name":"wp","href":"https:\/\/api.w.org\/{rel}","templated":true}]}}